{"id":42,"date":"2026-01-24T09:59:36","date_gmt":"2026-01-24T09:59:36","guid":{"rendered":"https:\/\/hyvinvoinninhetkia.fi\/?page_id=42"},"modified":"2026-01-24T13:46:00","modified_gmt":"2026-01-24T13:46:00","slug":"yksilot-ja-ryhmat","status":"publish","type":"page","link":"https:\/\/hyvinvoinninhetkia.fi\/?page_id=42","title":{"rendered":"Ryhm\u00e4valmennukset ja workshopit"},"content":{"rendered":"\n<figure class=\"wp-block-image size-full is-resized\"><img loading=\"lazy\" decoding=\"async\" width=\"1707\" height=\"2560\" src=\"https:\/\/hyvinvoinninhetkia.fi\/wp-content\/uploads\/2026\/01\/10-edited-scaled.jpeg\" alt=\"\" class=\"wp-image-50\" style=\"width:300px\" srcset=\"https:\/\/hyvinvoinninhetkia.fi\/wp-content\/uploads\/2026\/01\/10-edited-scaled.jpeg 1707w, https:\/\/hyvinvoinninhetkia.fi\/wp-content\/uploads\/2026\/01\/10-edited-200x300.jpeg 200w, https:\/\/hyvinvoinninhetkia.fi\/wp-content\/uploads\/2026\/01\/10-edited-683x1024.jpeg 683w, https:\/\/hyvinvoinninhetkia.fi\/wp-content\/uploads\/2026\/01\/10-edited-768x1151.jpeg 768w, https:\/\/hyvinvoinninhetkia.fi\/wp-content\/uploads\/2026\/01\/10-edited-1024x1536.jpeg 1024w, https:\/\/hyvinvoinninhetkia.fi\/wp-content\/uploads\/2026\/01\/10-edited-1366x2048.jpeg 1366w\" sizes=\"auto, (max-width: 1707px) 100vw, 1707px\" \/><\/figure>\n\n\n\n<p><strong>Ryhm\u00e4valmennukset ja workshopit<\/strong><\/p>\n\n\n\n<p>Tarjoan ryhm\u00e4valmennuksia ja workshopeja hyvinvoinnin tukemiseen liittyvist\u00e4 teemoista. Ajankohtaisista ryhm\u00e4valmennuksista ja niiden teemoista ilmoitan nettisivuillani.<\/p>\n\n\n\n<p>Ryhm\u00e4coachaus ja workshopit ovat my\u00f6s tilattavissa erikseen esimerkiksi:<\/p>\n\n\n\n<ul class=\"wp-block-list\">\n<li>ty\u00f6yhteis\u00f6p\u00e4iville<\/li>\n<\/ul>\n\n\n\n<ul class=\"wp-block-list\">\n<li>hyvinvointip\u00e4iviin ja tyhy-p\u00e4iviin<\/li>\n<\/ul>\n\n\n\n<ul class=\"wp-block-list\">\n<li>tapahtumiin ja teemap\u00e4iviin<\/li>\n<\/ul>\n\n\n\n<ul class=\"wp-block-list\">\n<li>pienille tai suuremmille ryhmille<\/li>\n<\/ul>\n\n\n\n<p>Sis\u00e4ll\u00f6t suunnitelaan aina tilaisuuden ja osallistujien mukaan.<\/p>\n\n\n\n<p>Ota yhteytt\u00e4 ja kerro, millaiseen tilaisuuteen etsit ohjattua toimintaa ja suunnitellaan yhdess\u00e4 sopiva kokonaisuus.<\/p>\n\n\n\n<p>My\u00f6s yhteisty\u00f6t ja yhteiset projektit kiinnostavat.<\/p>\n\n\n\n<p><\/p>\n\n\n\n<p><\/p>\n","protected":false},"excerpt":{"rendered":"<p>Ryhm\u00e4valmennukset ja workshopit Tarjoan ryhm\u00e4valmennuksia ja workshopeja hyvinvoinnin tukemiseen liittyvist\u00e4 teemoista. Ajankohtaisista ryhm\u00e4valmennuksista ja niiden teemoista ilmoitan nettisivuillani. Ryhm\u00e4coachaus ja workshopit ovat my\u00f6s tilattavissa erikseen esimerkiksi: Sis\u00e4ll\u00f6t suunnitelaan aina tilaisuuden ja osallistujien mukaan. Ota yhteytt\u00e4 ja kerro, millaiseen tilaisuuteen etsit ohjattua toimintaa ja suunnitellaan yhdess\u00e4 sopiva kokonaisuus. My\u00f6s yhteisty\u00f6t ja yhteiset projektit kiinnostavat.<\/p>\n","protected":false},"author":1,"featured_media":0,"parent":0,"menu_order":0,"comment_status":"closed","ping_status":"closed","template":"","meta":{"footnotes":"[]"},"class_list":["post-42","page","type-page","status-publish","hentry"],"_links":{"self":[{"href":"https:\/\/hyvinvoinninhetkia.fi\/index.php?rest_route=\/wp\/v2\/pages\/42","targetHints":{"allow":["GET"]}}],"collection":[{"href":"https:\/\/hyvinvoinninhetkia.fi\/index.php?rest_route=\/wp\/v2\/pages"}],"about":[{"href":"https:\/\/hyvinvoinninhetkia.fi\/index.php?rest_route=\/wp\/v2\/types\/page"}],"author":[{"embeddable":true,"href":"https:\/\/hyvinvoinninhetkia.fi\/index.php?rest_route=\/wp\/v2\/users\/1"}],"replies":[{"embeddable":true,"href":"https:\/\/hyvinvoinninhetkia.fi\/index.php?rest_route=%2Fwp%2Fv2%2Fcomments&post=42"}],"version-history":[{"count":9,"href":"https:\/\/hyvinvoinninhetkia.fi\/index.php?rest_route=\/wp\/v2\/pages\/42\/revisions"}],"predecessor-version":[{"id":102,"href":"https:\/\/hyvinvoinninhetkia.fi\/index.php?rest_route=\/wp\/v2\/pages\/42\/revisions\/102"}],"wp:attachment":[{"href":"https:\/\/hyvinvoinninhetkia.fi\/index.php?rest_route=%2Fwp%2Fv2%2Fmedia&parent=42"}],"curies":[{"name":"wp","href":"https:\/\/api.w.org\/{rel}","templated":true}]}}