{"id":36,"date":"2026-01-24T09:58:21","date_gmt":"2026-01-24T09:58:21","guid":{"rendered":"https:\/\/hyvinvoinninhetkia.fi\/?page_id=36"},"modified":"2026-01-24T10:42:37","modified_gmt":"2026-01-24T10:42:37","slug":"life-coaching","status":"publish","type":"page","link":"https:\/\/hyvinvoinninhetkia.fi\/?page_id=36","title":{"rendered":"Life coaching"},"content":{"rendered":"\n<figure class=\"wp-block-image size-full is-resized\"><img loading=\"lazy\" decoding=\"async\" width=\"1707\" height=\"2560\" src=\"https:\/\/hyvinvoinninhetkia.fi\/wp-content\/uploads\/2026\/01\/1-scaled.jpeg\" alt=\"\" class=\"wp-image-59\" style=\"aspect-ratio:0.6668182162612715;width:300px\" srcset=\"https:\/\/hyvinvoinninhetkia.fi\/wp-content\/uploads\/2026\/01\/1-scaled.jpeg 1707w, https:\/\/hyvinvoinninhetkia.fi\/wp-content\/uploads\/2026\/01\/1-200x300.jpeg 200w, https:\/\/hyvinvoinninhetkia.fi\/wp-content\/uploads\/2026\/01\/1-683x1024.jpeg 683w, https:\/\/hyvinvoinninhetkia.fi\/wp-content\/uploads\/2026\/01\/1-768x1152.jpeg 768w, https:\/\/hyvinvoinninhetkia.fi\/wp-content\/uploads\/2026\/01\/1-1024x1536.jpeg 1024w, https:\/\/hyvinvoinninhetkia.fi\/wp-content\/uploads\/2026\/01\/1-1366x2048.jpeg 1366w\" sizes=\"auto, (max-width: 1707px) 100vw, 1707px\" \/><\/figure>\n\n\n\n<p><mark style=\"background-color:rgba(0, 0, 0, 0)\" class=\"has-inline-color has-contrast-dark-color\">Lifecoaching \/ ratkaisukeskeinen valmennus<\/mark><\/p>\n\n\n\n<p>Valmennus tarjoaa tilaa pys\u00e4hty\u00e4, selkeytt\u00e4\u00e4 ajatuksia ja kirkastaa suuntaasi. Se tuo oivalluksia, uusia n\u00e4k\u00f6kulmia ja auttaa irtautumaan rajoittavista uskomuksista. Samalla se tukee sinua l\u00f6yt\u00e4m\u00e4\u00e4n ne valinnat, jotka tuntuivat oikeilta juuri sinulle &#8211; arjessa, muutoksissa ja p\u00e4\u00e4t\u00f6sten \u00e4\u00e4rell\u00e4.<\/p>\n\n\n\n<p>Kenelle valmennus sopii?<\/p>\n\n\n\n<ul class=\"wp-block-list\">\n<li>Kun mieli tuntuu kuormittuneelta ja ajatukset py\u00f6riv\u00e4t keh\u00e4\u00e4<\/li>\n\n\n\n<li>Kun haluat kirkastaa ajatuksia ja l\u00f6yt\u00e4\u00e4 selke\u00e4mm\u00e4n suunnan<\/li>\n\n\n\n<li>Kun olet el\u00e4m\u00e4n risteyksess\u00e4 tai muutoksen \u00e4\u00e4rell\u00e4<\/li>\n\n\n\n<li>Kun haluat tehd\u00e4 valintoja enemm\u00e4n itse\u00e4si kuunnellen<\/li>\n<\/ul>\n\n\n\n<p>Miten valmennus etenee?<\/p>\n\n\n\n<ol class=\"wp-block-list\">\n<li>Maksuton kartoituspuhelu &#8211; selvitet\u00e4\u00e4n tilanteesi ja tavoitteesi<\/li>\n\n\n\n<li>Valmennustapaamiset &#8211; keskustellaan ja k\u00e4ytet\u00e4\u00e4n valmennuksellisia menetelmi\u00e4, jotka auttavat kirkastamaan ajatuksia, tuovat oivalluksia ja j\u00e4sent\u00e4v\u00e4t tilannettasi. Tapaamiset voidaan toteuttaa my\u00f6s et\u00e4n\u00e4.<\/li>\n\n\n\n<li>Selkeys ja seuraava askel &#8211; jokaisen tapaamisen j\u00e4lkeen sinulla on selke\u00e4mpi k\u00e4sitys tilanteestasi ja mahdollisista seuraavista askelista.<\/li>\n<\/ol>\n\n\n\n<p>Kesto ja m\u00e4\u00e4r\u00e4<\/p>\n\n\n\n<p>Tapaamiset kest\u00e4v\u00e4t 1-2 tuntia ja m\u00e4\u00e4r\u00e4 sovitaan tarpeesi mukaan. Usein jo yksi kerta tuo uutta n\u00e4k\u00f6kulmaa ja toivottua selkeytt\u00e4.<\/p>\n","protected":false},"excerpt":{"rendered":"<p>Lifecoaching \/ ratkaisukeskeinen valmennus Valmennus tarjoaa tilaa pys\u00e4hty\u00e4, selkeytt\u00e4\u00e4 ajatuksia ja kirkastaa suuntaasi. Se tuo oivalluksia, uusia n\u00e4k\u00f6kulmia ja auttaa irtautumaan rajoittavista uskomuksista. Samalla se tukee sinua l\u00f6yt\u00e4m\u00e4\u00e4n ne valinnat, jotka tuntuivat oikeilta juuri sinulle &#8211; arjessa, muutoksissa ja p\u00e4\u00e4t\u00f6sten \u00e4\u00e4rell\u00e4. Kenelle valmennus sopii? Miten valmennus etenee? Kesto ja m\u00e4\u00e4r\u00e4 Tapaamiset kest\u00e4v\u00e4t 1-2 tuntia ja [&hellip;]<\/p>\n","protected":false},"author":1,"featured_media":0,"parent":0,"menu_order":0,"comment_status":"closed","ping_status":"closed","template":"","meta":{"footnotes":""},"class_list":["post-36","page","type-page","status-publish","hentry"],"_links":{"self":[{"href":"https:\/\/hyvinvoinninhetkia.fi\/index.php?rest_route=\/wp\/v2\/pages\/36","targetHints":{"allow":["GET"]}}],"collection":[{"href":"https:\/\/hyvinvoinninhetkia.fi\/index.php?rest_route=\/wp\/v2\/pages"}],"about":[{"href":"https:\/\/hyvinvoinninhetkia.fi\/index.php?rest_route=\/wp\/v2\/types\/page"}],"author":[{"embeddable":true,"href":"https:\/\/hyvinvoinninhetkia.fi\/index.php?rest_route=\/wp\/v2\/users\/1"}],"replies":[{"embeddable":true,"href":"https:\/\/hyvinvoinninhetkia.fi\/index.php?rest_route=%2Fwp%2Fv2%2Fcomments&post=36"}],"version-history":[{"count":4,"href":"https:\/\/hyvinvoinninhetkia.fi\/index.php?rest_route=\/wp\/v2\/pages\/36\/revisions"}],"predecessor-version":[{"id":63,"href":"https:\/\/hyvinvoinninhetkia.fi\/index.php?rest_route=\/wp\/v2\/pages\/36\/revisions\/63"}],"wp:attachment":[{"href":"https:\/\/hyvinvoinninhetkia.fi\/index.php?rest_route=%2Fwp%2Fv2%2Fmedia&parent=36"}],"curies":[{"name":"wp","href":"https:\/\/api.w.org\/{rel}","templated":true}]}}