{"id":3,"date":"2025-10-09T17:00:41","date_gmt":"2025-10-09T17:00:41","guid":{"rendered":"https:\/\/hyvinvoinninhetkia.fi\/?page_id=3"},"modified":"2026-01-24T13:46:23","modified_gmt":"2026-01-24T13:46:23","slug":"privacy-policy","status":"publish","type":"page","link":"https:\/\/hyvinvoinninhetkia.fi\/?page_id=3","title":{"rendered":"Hinnasto"},"content":{"rendered":"\n<p>Life coaching &#8211; ratkaisukeskeinen valmennus<\/p>\n\n\n\n<p>Hinnat sis\u00e4lt\u00e4v\u00e4t ALV 25,5%<\/p>\n\n\n\n<p>Yksitt\u00e4inen valmennuskerta<\/p>\n\n\n\n<ul class=\"wp-block-list\">\n<li>1h &#8211; 120\u20ac<\/li>\n<\/ul>\n\n\n\n<p>Valmennuspaketit<\/p>\n\n\n\n<ul class=\"wp-block-list\">\n<li>3 x 1h &#8211; 325\u20ac<\/li>\n<\/ul>\n\n\n\n<p>Ryhm\u00e4valmennukset: Hinnasto sovitaan valmennuksen sis\u00e4ll\u00f6n, keston ja osallistujam\u00e4\u00e4r\u00e4n mukaan.<\/p>\n\n\n\n<figure class=\"wp-block-image size-large is-resized\"><img loading=\"lazy\" decoding=\"async\" width=\"683\" height=\"1024\" src=\"https:\/\/hyvinvoinninhetkia.fi\/wp-content\/uploads\/2026\/01\/4-3-683x1024.jpeg\" alt=\"\" class=\"wp-image-99\" style=\"width:300px\" srcset=\"https:\/\/hyvinvoinninhetkia.fi\/wp-content\/uploads\/2026\/01\/4-3-683x1024.jpeg 683w, https:\/\/hyvinvoinninhetkia.fi\/wp-content\/uploads\/2026\/01\/4-3-200x300.jpeg 200w, https:\/\/hyvinvoinninhetkia.fi\/wp-content\/uploads\/2026\/01\/4-3.jpeg 706w\" sizes=\"auto, (max-width: 683px) 100vw, 683px\" \/><\/figure>\n","protected":false},"excerpt":{"rendered":"<p>Life coaching &#8211; ratkaisukeskeinen valmennus Hinnat sis\u00e4lt\u00e4v\u00e4t ALV 25,5% Yksitt\u00e4inen valmennuskerta Valmennuspaketit Ryhm\u00e4valmennukset: Hinnasto sovitaan valmennuksen sis\u00e4ll\u00f6n, keston ja osallistujam\u00e4\u00e4r\u00e4n mukaan.<\/p>\n","protected":false},"author":1,"featured_media":0,"parent":0,"menu_order":0,"comment_status":"closed","ping_status":"open","template":"","meta":{"footnotes":""},"class_list":["post-3","page","type-page","status-publish","hentry"],"_links":{"self":[{"href":"https:\/\/hyvinvoinninhetkia.fi\/index.php?rest_route=\/wp\/v2\/pages\/3","targetHints":{"allow":["GET"]}}],"collection":[{"href":"https:\/\/hyvinvoinninhetkia.fi\/index.php?rest_route=\/wp\/v2\/pages"}],"about":[{"href":"https:\/\/hyvinvoinninhetkia.fi\/index.php?rest_route=\/wp\/v2\/types\/page"}],"author":[{"embeddable":true,"href":"https:\/\/hyvinvoinninhetkia.fi\/index.php?rest_route=\/wp\/v2\/users\/1"}],"replies":[{"embeddable":true,"href":"https:\/\/hyvinvoinninhetkia.fi\/index.php?rest_route=%2Fwp%2Fv2%2Fcomments&post=3"}],"version-history":[{"count":4,"href":"https:\/\/hyvinvoinninhetkia.fi\/index.php?rest_route=\/wp\/v2\/pages\/3\/revisions"}],"predecessor-version":[{"id":103,"href":"https:\/\/hyvinvoinninhetkia.fi\/index.php?rest_route=\/wp\/v2\/pages\/3\/revisions\/103"}],"wp:attachment":[{"href":"https:\/\/hyvinvoinninhetkia.fi\/index.php?rest_route=%2Fwp%2Fv2%2Fmedia&parent=3"}],"curies":[{"name":"wp","href":"https:\/\/api.w.org\/{rel}","templated":true}]}}