{"id":24,"date":"2026-01-24T09:40:18","date_gmt":"2026-01-24T09:40:18","guid":{"rendered":"https:\/\/hyvinvoinninhetkia.fi\/?page_id=24"},"modified":"2026-01-24T10:52:45","modified_gmt":"2026-01-24T10:52:45","slug":"minusta","status":"publish","type":"page","link":"https:\/\/hyvinvoinninhetkia.fi\/?page_id=24","title":{"rendered":"Minusta"},"content":{"rendered":"\n<figure class=\"wp-block-image size-full is-resized\"><img loading=\"lazy\" decoding=\"async\" width=\"706\" height=\"1059\" src=\"https:\/\/hyvinvoinninhetkia.fi\/wp-content\/uploads\/2026\/01\/3-4.jpeg\" alt=\"\" class=\"wp-image-65\" style=\"aspect-ratio:0.6669963965237052;object-fit:cover;width:300px\" srcset=\"https:\/\/hyvinvoinninhetkia.fi\/wp-content\/uploads\/2026\/01\/3-4.jpeg 706w, https:\/\/hyvinvoinninhetkia.fi\/wp-content\/uploads\/2026\/01\/3-4-200x300.jpeg 200w, https:\/\/hyvinvoinninhetkia.fi\/wp-content\/uploads\/2026\/01\/3-4-683x1024.jpeg 683w\" sizes=\"auto, (max-width: 706px) 100vw, 706px\" \/><\/figure>\n\n\n\n<p>Hyvinvoinnin hetki\u00e4 on hyvinvointibr\u00e4ndi, joka on syntynyt halusta auttaa ihmisi\u00e4 pienin askelin kohti kokonaisvaltaista hyvinvointia. Br\u00e4ndin ytimess\u00e4 on ajatus siit\u00e4, ett\u00e4 hyvinvointi rakentuu arjen valinnoista ja sis\u00e4isest\u00e4 tasapainosta. Logon kasvillisuus kurottaa kohti keskustaa muistutuksena siit\u00e4, ett\u00e4 hyvinvointi alkaa sis\u00e4lt\u00e4 ja heijastuu lopulta ulosp\u00e4in.<\/p>\n\n\n\n<p>Pienet hetket, joissa valitset itsesi &#8211; niist\u00e4 syntyy suuri muutos.<\/p>\n\n\n\n<figure class=\"wp-block-image aligncenter size-full is-resized\"><img loading=\"lazy\" decoding=\"async\" width=\"500\" height=\"500\" src=\"https:\/\/hyvinvoinninhetkia.fi\/wp-content\/uploads\/2026\/01\/Untitled-design-3.png\" alt=\"\" class=\"wp-image-73\" style=\"width:366px;height:auto\" srcset=\"https:\/\/hyvinvoinninhetkia.fi\/wp-content\/uploads\/2026\/01\/Untitled-design-3.png 500w, https:\/\/hyvinvoinninhetkia.fi\/wp-content\/uploads\/2026\/01\/Untitled-design-3-300x300.png 300w, https:\/\/hyvinvoinninhetkia.fi\/wp-content\/uploads\/2026\/01\/Untitled-design-3-150x150.png 150w\" sizes=\"auto, (max-width: 500px) 100vw, 500px\" \/><\/figure>\n","protected":false},"excerpt":{"rendered":"<p>Hyvinvoinnin hetki\u00e4 on hyvinvointibr\u00e4ndi, joka on syntynyt halusta auttaa ihmisi\u00e4 pienin askelin kohti kokonaisvaltaista hyvinvointia. Br\u00e4ndin ytimess\u00e4 on ajatus siit\u00e4, ett\u00e4 hyvinvointi rakentuu arjen valinnoista ja sis\u00e4isest\u00e4 tasapainosta. Logon kasvillisuus kurottaa kohti keskustaa muistutuksena siit\u00e4, ett\u00e4 hyvinvointi alkaa sis\u00e4lt\u00e4 ja heijastuu lopulta ulosp\u00e4in. Pienet hetket, joissa valitset itsesi &#8211; niist\u00e4 syntyy suuri muutos.<\/p>\n","protected":false},"author":1,"featured_media":0,"parent":0,"menu_order":0,"comment_status":"closed","ping_status":"closed","template":"","meta":{"footnotes":""},"class_list":["post-24","page","type-page","status-publish","hentry"],"_links":{"self":[{"href":"https:\/\/hyvinvoinninhetkia.fi\/index.php?rest_route=\/wp\/v2\/pages\/24","targetHints":{"allow":["GET"]}}],"collection":[{"href":"https:\/\/hyvinvoinninhetkia.fi\/index.php?rest_route=\/wp\/v2\/pages"}],"about":[{"href":"https:\/\/hyvinvoinninhetkia.fi\/index.php?rest_route=\/wp\/v2\/types\/page"}],"author":[{"embeddable":true,"href":"https:\/\/hyvinvoinninhetkia.fi\/index.php?rest_route=\/wp\/v2\/users\/1"}],"replies":[{"embeddable":true,"href":"https:\/\/hyvinvoinninhetkia.fi\/index.php?rest_route=%2Fwp%2Fv2%2Fcomments&post=24"}],"version-history":[{"count":6,"href":"https:\/\/hyvinvoinninhetkia.fi\/index.php?rest_route=\/wp\/v2\/pages\/24\/revisions"}],"predecessor-version":[{"id":76,"href":"https:\/\/hyvinvoinninhetkia.fi\/index.php?rest_route=\/wp\/v2\/pages\/24\/revisions\/76"}],"wp:attachment":[{"href":"https:\/\/hyvinvoinninhetkia.fi\/index.php?rest_route=%2Fwp%2Fv2%2Fmedia&parent=24"}],"curies":[{"name":"wp","href":"https:\/\/api.w.org\/{rel}","templated":true}]}}